{"id":139,"date":"2013-12-11T15:20:05","date_gmt":"2013-12-11T13:20:05","guid":{"rendered":"http:\/\/www.sonnenbuehler-kg.de\/wordpress\/?page_id=139"},"modified":"2013-12-11T16:42:21","modified_gmt":"2013-12-11T14:42:21","slug":"strohweiber","status":"publish","type":"page","link":"https:\/\/www.sonnenbuehler-kg.de\/wordpress\/?page_id=139","title":{"rendered":"Strohweiber"},"content":{"rendered":"<p><strong><span style=\"text-decoration: underline;\">Geschichtlicher Hintergrund des Strohweibs:<\/span><\/strong><\/p>\n<p>Doch dass der Bach damals schnellstm\u00f6glich vom Eis befreit werden konnte musste die ganze Einwohnerschaft mithelfen. Unter anderem war auch Wilhelmine, eine Einwohnerin aus Undingen und ihre Freundinnen dabei, so dass so viel Stroh wie m\u00f6glich auf den Bach gelegt wurde. So waren es Wilhelmine und Ihre Weiber, die den \u201eBach a\u00b4 Brenner\u201c das Stroh lieferten um es anzubrennen. Fortan wurden sie nur noch \u201eStrohweiber\u201c genannt.<\/p>\n<p><strong><span style=\"text-decoration: underline;\">Maske:<\/span><\/strong><\/p>\n<p>Bei der Maske handelt es sich um eine Holzmaske. Besonderes Merkmal ist, dass die Augenbrauen \u00c4hren darstellen.<\/p>\n<p><strong><span style=\"text-decoration: underline;\">H\u00e4s:<\/span><\/strong><\/p>\n<p>Strohschuhe, Socken, wei\u00dfe Unterhose, blauer Rock, rote Sch\u00fcrze mit zwei aufgen\u00e4hten blauen Taschen, gelbe Bluse, rote Stola, holzgeschnitzte Maske (mit Kopftuch und Haaren), Handschuhe, Strohgabel<\/p>\n","protected":false},"excerpt":{"rendered":"<p>Geschichtlicher Hintergrund des Strohweibs: Doch dass der Bach damals schnellstm\u00f6glich vom Eis befreit werden konnte musste die ganze Einwohnerschaft mithelfen. Unter anderem war auch Wilhelmine, eine Einwohnerin aus Undingen und ihre Freundinnen dabei, so dass so viel Stroh wie m\u00f6glich &hellip; <a href=\"https:\/\/www.sonnenbuehler-kg.de\/wordpress\/?page_id=139\">Weiterlesen <span class=\"meta-nav\">&rarr;<\/span><\/a><\/p>\n","protected":false},"author":1,"featured_media":140,"parent":44,"menu_order":0,"comment_status":"closed","ping_status":"open","template":"showcase.php","meta":{"footnotes":""},"class_list":["post-139","page","type-page","status-publish","has-post-thumbnail","hentry"],"_links":{"self":[{"href":"https:\/\/www.sonnenbuehler-kg.de\/wordpress\/index.php?rest_route=\/wp\/v2\/pages\/139","targetHints":{"allow":["GET"]}}],"collection":[{"href":"https:\/\/www.sonnenbuehler-kg.de\/wordpress\/index.php?rest_route=\/wp\/v2\/pages"}],"about":[{"href":"https:\/\/www.sonnenbuehler-kg.de\/wordpress\/index.php?rest_route=\/wp\/v2\/types\/page"}],"author":[{"embeddable":true,"href":"https:\/\/www.sonnenbuehler-kg.de\/wordpress\/index.php?rest_route=\/wp\/v2\/users\/1"}],"replies":[{"embeddable":true,"href":"https:\/\/www.sonnenbuehler-kg.de\/wordpress\/index.php?rest_route=%2Fwp%2Fv2%2Fcomments&post=139"}],"version-history":[{"count":1,"href":"https:\/\/www.sonnenbuehler-kg.de\/wordpress\/index.php?rest_route=\/wp\/v2\/pages\/139\/revisions"}],"predecessor-version":[{"id":141,"href":"https:\/\/www.sonnenbuehler-kg.de\/wordpress\/index.php?rest_route=\/wp\/v2\/pages\/139\/revisions\/141"}],"up":[{"embeddable":true,"href":"https:\/\/www.sonnenbuehler-kg.de\/wordpress\/index.php?rest_route=\/wp\/v2\/pages\/44"}],"wp:featuredmedia":[{"embeddable":true,"href":"https:\/\/www.sonnenbuehler-kg.de\/wordpress\/index.php?rest_route=\/wp\/v2\/media\/140"}],"wp:attachment":[{"href":"https:\/\/www.sonnenbuehler-kg.de\/wordpress\/index.php?rest_route=%2Fwp%2Fv2%2Fmedia&parent=139"}],"curies":[{"name":"wp","href":"https:\/\/api.w.org\/{rel}","templated":true}]}}