{"id":142,"date":"2013-12-11T15:23:07","date_gmt":"2013-12-11T13:23:07","guid":{"rendered":"http:\/\/www.sonnenbuehler-kg.de\/wordpress\/?page_id=142"},"modified":"2015-01-03T23:26:22","modified_gmt":"2015-01-03T21:26:22","slug":"bach-a-brenner-2","status":"publish","type":"page","link":"https:\/\/www.sonnenbuehler-kg.de\/wordpress\/?page_id=142","title":{"rendered":"Bach a&#8216; Brenner &#038;"},"content":{"rendered":"<p><strong><span style=\"text-decoration: underline;\">Geschichtlicher Hintergrund des Bach a`Brenners:<\/span><\/strong><\/p>\n<p>Durch die Gemeinde Undingen floss vor langer Zeit ein Bach. Dieser fror w\u00e4hrend eines strengen Winters vollkommen zu. Die Einwohner von Undingen waren sich einig, dass der Bach wieder vom Eis befreit werden muss. Sie kamen auf die Idee, Stroh \u00fcber das Eis zu streuen und dieses anzubrennen. Bei der Ausf\u00fchrung Ihres Planes, wurden die Undinger von einem Einwohner aus dem Nachbarort entdeckt. Seither wurden die Undinger nur noch Bach \u00b4a\u00b4 Brenner genannt.<\/p>\n<p><strong><span style=\"text-decoration: underline;\">Maske:<\/span><\/strong><\/p>\n<p>Bei der Maske handelt es sich um eine Holzmaske. Besonderes Merkmal ist, dass die Augenbrauen Flammen darstellen und sich Wassertropfen \u00fcber das gesamte Gesicht verteilen.<\/p>\n<p><strong><span style=\"text-decoration: underline;\">H\u00e4s:<\/span><\/strong><\/p>\n<p>Das Oberteil besteht aus einem hellen Wollstoff Auf dem R\u00fcckenteil ist die Figur des Bach `a` Brenners aufgestickt. An den \u00c4rmeln und am unteren Bund sind ebenfalls Filzflecken in Form von Flammen aufgen\u00e4ht. Ferner geh\u00f6rt zu dem H\u00e4s ein Schellengurt. Die Hose besteht auf einem blauen Wollstoff. Besonderes Merkmal der Hose ist, dass diese nur zu ca. 3\/4 lang und unten am Saum zackenf\u00f6rmig gen\u00e4ht ist. Hierzu werden rot\/gelb gestreifte Socken getragen.<\/p>\n","protected":false},"excerpt":{"rendered":"<p>Geschichtlicher Hintergrund des Bach a`Brenners: Durch die Gemeinde Undingen floss vor langer Zeit ein Bach. Dieser fror w\u00e4hrend eines strengen Winters vollkommen zu. Die Einwohner von Undingen waren sich einig, dass der Bach wieder vom Eis befreit werden muss. Sie &hellip; <a href=\"https:\/\/www.sonnenbuehler-kg.de\/wordpress\/?page_id=142\">Weiterlesen <span class=\"meta-nav\">&rarr;<\/span><\/a><\/p>\n","protected":false},"author":1,"featured_media":236,"parent":0,"menu_order":0,"comment_status":"closed","ping_status":"closed","template":"showcase.php","meta":{"footnotes":""},"class_list":["post-142","page","type-page","status-publish","has-post-thumbnail","hentry"],"_links":{"self":[{"href":"https:\/\/www.sonnenbuehler-kg.de\/wordpress\/index.php?rest_route=\/wp\/v2\/pages\/142","targetHints":{"allow":["GET"]}}],"collection":[{"href":"https:\/\/www.sonnenbuehler-kg.de\/wordpress\/index.php?rest_route=\/wp\/v2\/pages"}],"about":[{"href":"https:\/\/www.sonnenbuehler-kg.de\/wordpress\/index.php?rest_route=\/wp\/v2\/types\/page"}],"author":[{"embeddable":true,"href":"https:\/\/www.sonnenbuehler-kg.de\/wordpress\/index.php?rest_route=\/wp\/v2\/users\/1"}],"replies":[{"embeddable":true,"href":"https:\/\/www.sonnenbuehler-kg.de\/wordpress\/index.php?rest_route=%2Fwp%2Fv2%2Fcomments&post=142"}],"version-history":[{"count":3,"href":"https:\/\/www.sonnenbuehler-kg.de\/wordpress\/index.php?rest_route=\/wp\/v2\/pages\/142\/revisions"}],"predecessor-version":[{"id":770,"href":"https:\/\/www.sonnenbuehler-kg.de\/wordpress\/index.php?rest_route=\/wp\/v2\/pages\/142\/revisions\/770"}],"wp:featuredmedia":[{"embeddable":true,"href":"https:\/\/www.sonnenbuehler-kg.de\/wordpress\/index.php?rest_route=\/wp\/v2\/media\/236"}],"wp:attachment":[{"href":"https:\/\/www.sonnenbuehler-kg.de\/wordpress\/index.php?rest_route=%2Fwp%2Fv2%2Fmedia&parent=142"}],"curies":[{"name":"wp","href":"https:\/\/api.w.org\/{rel}","templated":true}]}}