{"id":30,"date":"2013-11-17T11:50:23","date_gmt":"2013-11-17T09:50:23","guid":{"rendered":"http:\/\/www.sonnenbuehler-kg.de\/wordpress\/?page_id=30"},"modified":"2025-04-23T18:57:36","modified_gmt":"2025-04-23T16:57:36","slug":"aktuelles","status":"publish","type":"page","link":"https:\/\/www.sonnenbuehler-kg.de\/wordpress\/?page_id=30","title":{"rendered":"Aktuelles"},"content":{"rendered":"\n<p>E<strong>inladung Generalversammlung 202<\/strong>5<\/p>\n\n\n\n<p>Liebe Mitglieder der 1. Sonnenb\u00fchler KG,<\/p>\n\n\n\n<p>unsere diesj\u00e4hrige Generalversammlung findet am<\/p>\n\n\n\n<p><strong>Freitag, den 23.05.2025 um 20:00 Uhr<\/strong><\/p>\n\n\n\n<p><strong>&nbsp;<\/strong>im Sportheim in Undingen statt. Folgende Tagesordnungspunkte stehen auf dem Programm:<\/p>\n\n\n\n<ol class=\"wp-block-list\">\n<li>Begr\u00fc\u00dfung<\/li>\n<\/ol>\n\n\n\n<p>&nbsp;&nbsp;&nbsp;&nbsp;&nbsp;&nbsp;&nbsp;&nbsp;&nbsp;&nbsp;&nbsp;&nbsp;&nbsp;&nbsp;&nbsp;&nbsp;<em>1.1<\/em>&nbsp;&nbsp;&nbsp;&nbsp;&nbsp;&nbsp;&nbsp;&nbsp; Totenehrung<\/p>\n\n\n\n<ol start=\"2\" class=\"wp-block-list\">\n<li>Bericht Pr\u00e4sident<\/li>\n\n\n\n<li>Bericht Schriftf\u00fchrer<\/li>\n\n\n\n<li>Bericht Kassier<\/li>\n\n\n\n<li>Bericht der Kassenpr\u00fcfer<\/li>\n\n\n\n<li>Bericht technische Leitung<\/li>\n\n\n\n<li>Bericht Zunftmeister<\/li>\n\n\n\n<li>Bericht Elferratspr\u00e4sident<\/li>\n\n\n\n<li>Bericht Gardechefin<\/li>\n\n\n\n<li>Bericht musikalischer Leiter<\/li>\n\n\n\n<li>Entlastungen<\/li>\n\n\n\n<li>Wahlen<\/li>\n\n\n\n<li>Verschiedenes \/ Antr\u00e4ge<\/li>\n<\/ol>\n\n\n\n<p>\u00a0\u00a0\u00a0\u00a0\u00a0\u00a0\u00a0\u00a0\u00a0\u00a0\u00a0\u00a0\u00a0\u00a0\u00a0\u00a0<\/p>\n\n\n\n<p>W\u00fcnsche und Antr\u00e4ge zur Tagesordnung k\u00f6nnen bis zum 16.05.2025 bei Christine Schenk schriftlich abgegeben werden.<\/p>\n\n\n\n<p>Wir freuen uns auf Euer kommen.<\/p>\n\n\n\n<p>gez.<\/p>\n\n\n\n<p>Pr\u00e4sidium<\/p>\n\n\n\n<p><\/p>\n\n\n<p>&#8211; &#8211; &#8211; &#8211; &#8211; &#8211;<\/p>\n<p><strong>Einladung Generalversammlung 2024<\/strong><\/p>\n<p>Liebe Mitglieder der 1. Sonnenb\u00fchler KG,<\/p>\n<p>unsere diesj\u00e4hrige Generalversammlung findet am<\/p>\n<p><strong>Freitag, den 24.05.2024 um 19:00 Uhr <\/strong><\/p>\n<p><strong>\u00a0<\/strong>im Sportheim in Undingen statt. Folgende Tagesordnungspunkte stehen auf dem Programm:<\/p>\n<ol>\n<li>Begr\u00fc\u00dfung<\/li>\n<\/ol>\n<p>\u00a0\u00a0\u00a0\u00a0\u00a0\u00a0\u00a0\u00a0\u00a0\u00a0\u00a0\u00a0\u00a0\u00a0\u00a0 <em>1.1<\/em>\u00a0\u00a0\u00a0\u00a0\u00a0\u00a0\u00a0\u00a0 Totenehrung<\/p>\n<ol start=\"2\">\n<li>Bericht Pr\u00e4sident<\/li>\n<li>Bericht Schriftf\u00fchrer<\/li>\n<li>Bericht Kassier<\/li>\n<li>Bericht der Kassenpr\u00fcfer<\/li>\n<li>Bericht technische Leitung<\/li>\n<li>Bericht Zunftmeister<\/li>\n<li>Bericht Elferratspr\u00e4sident<\/li>\n<li>Bericht Gardechefin<\/li>\n<li>Bericht musikalischer Leiter<\/li>\n<li>Entlastungen<\/li>\n<li>Wahlen<\/li>\n<li>Verschiedenes \/ Antr\u00e4ge<\/li>\n<\/ol>\n<p>\u00a0\u00a0\u00a0\u00a0\u00a0\u00a0\u00a0\u00a0\u00a0\u00a0\u00a0\u00a0\u00a0\u00a0\u00a0 <em>13.1<\/em>\u00a0 \u00a0 \u00a0 \u00a0 \u00a0Mitgliedsbeitr\u00e4ge<\/p>\n<p>W\u00fcnsche und Antr\u00e4ge zur Tagesordnung k\u00f6nnen bis zum 23.05.2024 bei Jan Herrmann schriftlich abgegeben werden.<\/p>\n<p>Wir freuen uns auf Euer kommen.<\/p>\n<p>gez.<\/p>\n<p>Pr\u00e4sidium<\/p>\n<p>&#8211; &#8211; &#8211; &#8211; &#8211; &#8211; \u00a0<\/p>\n<p>&nbsp;<\/p>\n<p><strong>Ank\u00fcndigung Mitgliedsbeitrag 2023<\/strong><\/p>\n<p>Hiermit informieren wir \u00fcber den Abbuchungstermin des diesj\u00e4hrigen Mitgliedsbeitrag, welcher am 01.11.2023 ist. An diesem Tag wird der Beitrag gem. Beitragsordnung per SEPA-Lastschrift eingezogen. Bitte achtet auf eine ausreichenden Kontodeckung!<\/p>\n<p>&#8211; &#8211; &#8211; &#8211; &#8211; &#8211;<\/p>\n<p><strong>Einladung Generalversammlung 2023<\/strong><\/p>\n<p>Liebe Mitglieder der 1. Sonnenb\u00fchler KG,<\/p>\n<p>unsere diesj\u00e4hrige Generalversammlung findet am<\/p>\n<p><strong>Freitag, den 19.10.2023 um 19:00 Uhr <\/strong><\/p>\n<p><strong>\u00a0<\/strong>im Sportheim in Undingen statt. Folgende Tagesordnungspunkte stehen auf dem Programm:<\/p>\n<ol>\n<li>Begr\u00fc\u00dfung<\/li>\n<\/ol>\n<p>\u00a0\u00a0\u00a0\u00a0\u00a0\u00a0\u00a0\u00a0\u00a0\u00a0\u00a0\u00a0\u00a0\u00a0\u00a0 <strong><em>1.1<\/em><\/strong>\u00a0\u00a0\u00a0\u00a0\u00a0\u00a0\u00a0\u00a0 Totenehrung<\/p>\n<ol start=\"2\">\n<li>Bericht Pr\u00e4sident<\/li>\n<li>Bericht Schriftf\u00fchrer<\/li>\n<li>Bericht Kassier<\/li>\n<li>Bericht der Kassenpr\u00fcfer<\/li>\n<li>Bericht technische Leitung<\/li>\n<li>Bericht Zunftmeister<\/li>\n<li>Bericht Elferratspr\u00e4sident<\/li>\n<li>Bericht Gardechefin<\/li>\n<li>Bericht musikalischer Leiter<\/li>\n<li>Entlastungen<\/li>\n<li>Wahlen<\/li>\n<li>Verschiedenes \/ Antr\u00e4ge<\/li>\n<\/ol>\n<p>W\u00fcnsche und Antr\u00e4ge zur Tagesordnung k\u00f6nnen bis zum 18.10.2023 bei Pr\u00e4sident Jan Herrmann schriftlich abgegeben werden.<\/p>\n<p>Wir freuen uns auf Euer kommen.<\/p>\n<p>gez.<\/p>\n<p>Pr\u00e4sidium<\/p>\n<p>&#8211; &#8211; &#8211; &#8211; &#8211; &#8211; \u00a0<\/p>\n<p><strong>Ank\u00fcndigung Mitgliedsbeitrag 2021<\/strong><\/p>\n<p>Hiermit informieren wir \u00fcber den Abbuchungstermin des diesj\u00e4hrigen Mitgliedsbeitrag, welcher am 01.10.2021 ist. An diesem Tag wird der Beitrag gem. Beitragsordnung per SEPA-Lastschrift eingezogen. Bitte achtet auf eine ausreichenden Kontodeckung!<\/p>\n<p>&#8211; &#8211; &#8211; &#8211; &#8211; &#8211;<\/p>\n<p><strong>Einladung Generalversammlung 2021<\/strong><\/p>\n<p>Liebe Mitglieder der 1. Sonnenb\u00fchler KG,<\/p>\n<p>unsere diesj\u00e4hrige Generalversammlung findet am<\/p>\n<p><strong>Freitag, den 10.09.2021 um 19:00 Uhr <\/strong><\/p>\n<p><strong>\u00a0<\/strong>im Sportheim in Undingen statt. Folgende Tagesordnungspunkte stehen auf dem Programm:<\/p>\n<ol>\n<li>Begr\u00fc\u00dfung<\/li>\n<\/ol>\n<p>\u00a0\u00a0\u00a0\u00a0\u00a0\u00a0\u00a0\u00a0\u00a0\u00a0\u00a0\u00a0\u00a0\u00a0\u00a0 <strong><em>1.1<\/em><\/strong>\u00a0\u00a0\u00a0\u00a0\u00a0\u00a0\u00a0\u00a0 Totenehrung<\/p>\n<ol start=\"2\">\n<li>Bericht Pr\u00e4sident<\/li>\n<li>Bericht Schriftf\u00fchrer<\/li>\n<li>Bericht Kassier<\/li>\n<li>Bericht der Kassenpr\u00fcfer<\/li>\n<li>Bericht technische Leitung<\/li>\n<li>Bericht Zunftmeister<\/li>\n<li>Bericht Elferratspr\u00e4sident<\/li>\n<li>Bericht Gardechefin<\/li>\n<li><strong><em> \u00a0\u00a0\u00a0\u00a0\u00a0\u00a0\u00a0\u00a0 <\/em><\/strong>Bericht musikalischer Leiter<\/li>\n<li>Entlastungen<\/li>\n<li>Satzungs\u00e4nderung<\/li>\n<li>Wahlen<\/li>\n<li>Verschiedenes \/ Antr\u00e4ge<\/li>\n<\/ol>\n<p>W\u00fcnsche und Antr\u00e4ge zur Tagesordnung k\u00f6nnen bis zum 09.09.2021 bei Pr\u00e4sident Jan Herrmann schriftlich abgegeben werden.<\/p>\n<p>Hinweis zum Tagesordnungspunkt 12 \u201eSatzungs\u00e4nderungen\u201c. Die neu geplante Satzung kann ab dem 22.08.2021 auf der Homepage <a href=\"http:\/\/www.sonnenbuehler-kg.de\">www.sonnenbuehler-kg.de<\/a> eingesehen werden und steht somit jedem Mitglied \u00f6ffentlich zur Verf\u00fcgung. Alternativ kann die Satzung auch bei Pr\u00e4sident Jan Herrmann in schriftlicher Ausf\u00fchrung angefordert werden.<\/p>\n<p>Wir freuen uns auf Euer kommen.<\/p>\n<p>gez.<\/p>\n<p>Pr\u00e4sidium<\/p>\n<p><a href=\"http:\/\/www.sonnenbuehler-kg.de\/wordpress\/wp-content\/uploads\/2021\/08\/2021-09-10_Satzung_1.Sonnenbuehler_KG.pdf\">Anlage &#8211; Satzungs\u00e4nderungen<\/a><\/p>\n<p>&#8211; &#8211; &#8211; &#8211; &#8211; &#8211; &#8211; &#8211; &#8211; &#8211;<\/p>\n<p><strong>Einladung Generalversammlung 2020<\/strong><\/p>\n<p>Liebe Mitglieder der 1. Sonnenb\u00fchler KG,<\/p>\n<p>aufgrund der anhaltenden Pandemie der Erkrankung Covid-19 ist eine Durchf\u00fchrung der Generalversammlung in Pr\u00e4senz nicht m\u00f6glich. Aus diesem Grund findet unsere diesj\u00e4hrige Generalversammlung am<\/p>\n<p><strong>Donnerstag, den 17.12.2020 um 20:00 Uhr <\/strong><\/p>\n<p><strong>\u00a0<\/strong>per GoToMeeting-Webkonferenz statt. Folgende Tagesordnungspunkte stehen auf dem Programm:<\/p>\n<ol>\n<li>Begr\u00fc\u00dfung<\/li>\n<\/ol>\n<p>\u00a0\u00a0\u00a0\u00a0\u00a0\u00a0\u00a0\u00a0\u00a0\u00a0 <em>1.1 <\/em>Totenehrung<\/p>\n<ol start=\"2\">\n<li>Bericht Pr\u00e4sident<\/li>\n<li>Bericht Schriftf\u00fchrer<\/li>\n<li>Bericht Kassier<\/li>\n<li>Bericht der Kassenpr\u00fcfer<\/li>\n<li>Bericht Zunftmeister<\/li>\n<li>Bericht Elferratspr\u00e4sident<\/li>\n<li>Bericht Gardechefin<\/li>\n<li>Bericht musikalischer Leiter<\/li>\n<li>Entlastungen<\/li>\n<li>Wahlen<\/li>\n<li>Verschiedenes \/ Antr\u00e4ge<\/li>\n<\/ol>\n<p>W\u00fcnsche und Antr\u00e4ge zur Tagesordnung k\u00f6nnen bis zum 15.12.2020 bei Pr\u00e4sident Jan Herrmann schriftlich abgegeben werden.<\/p>\n<p>Die f\u00fcr die Webkonferenz notwendigen Zugangsdaten erh\u00e4lt jedes aktive Mitglied von seinem Abteilungsleiter per E-Mail oder WhatsApp zugeschickt. Alle passiven Mitglieder d\u00fcrfen sich per E-Mail an <a href=\"mailto:info@sonnenbuehler-kg.de\">info@sonnenbuehler-kg.de<\/a> oder telefonisch unter 0174\/2462686 an Pr\u00e4sident Jan Herrmann wenden und erhalten anschlie\u00dfend ebenfalls die Zugangsdaten zugesandt.<\/p>\n<p>Desweiteren wird jedem Mitglied mit den Zugangsdaten eine Anleitung zur Anwendung von GoToMeeting am Pc\/Laptop oder Tablet\/Handy zur Verf\u00fcgung gestellt.<\/p>\n<p>Wir bedauern die aktuellen Umst\u00e4nde sehr und h\u00e4tten uns auf ein pers\u00f6nliches Treffen gefreut. Dies ist leider nicht m\u00f6glich, so dass wir uns nun auf Eure virtuelle Teilnahme freuen.<\/p>\n<p>Das Pr\u00e4sidium<\/p>\n<p>&#8211; &#8211; &#8211; &#8211; &#8211;<\/p>\n<p><strong>Absage Dirndl- und Lederhosen Party am 04.04.2020<\/strong><\/p>\n<p><span style=\"font-family: sans-serif; font-size: small;\">Liebe Festgemeinde,<\/span><\/p>\n<p><span style=\"font-family: sans-serif; font-size: small;\">seit unserem letzten Eintrag auf Facebook zum Thema Corona sind keine 24 Stunden her.<\/span><br \/><span style=\"font-family: sans-serif; font-size: small;\">Nun m\u00fcssen wir uns leider schon wieder melden und dieses mal mit einer traurigen Nachricht.<\/span><\/p>\n<p><span style=\"font-family: sans-serif; font-size: small;\"><b>Die Dirndl- und LederhosenParty am 04.04.2020 ist abgesagt.<\/b><\/span><\/p>\n<p><span style=\"font-family: sans-serif; font-size: small;\">Die Gemeinden des Landkreis Reutlingen und somit auch die Gemeinde Sonnenb\u00fchl, haben sich einheitlich dazu verst\u00e4ndigt, allen Veranstaltungen, welche nicht &#8222;erforderlich&#8220; und &#8222;verschiebbar&#8220; sind eine Absageempfehlung auszusprechen.<\/span><br \/><span style=\"font-family: sans-serif; font-size: small;\">Dies betrifft in dem Fall auch unsere Dirndl- und Lederhosen Party. Nach ausgiebiger R\u00fccksprache mit der Gemeinde Sonnenb\u00fchl und der Band Hautnah bleibt uns au\u00dfer eine Absage leider nichts anders \u00fcbrig. <\/span><\/p>\n<p><span style=\"font-family: sans-serif; font-size: small;\">Nein, wir haben keine Angst vor Corona und wir werden auch nicht der Hysterie und Panik der Medien und Gesellschaft folgen.<\/span><br \/><span style=\"font-family: sans-serif; font-size: small;\">Mit der Absage wollen und werden wir unsere Verantwortung gegen\u00fcber unseren Mitglieder, Besucher und besonders der Risikogesellschaft (\u00e4ltere Personen, kranke Personen, usw.) wahren. Leider wird es immer schwieriger diese Verantwortung trotz Vorkehrungen und Ma\u00dfnahmen in allen Bereichen zu halten, so dass wir uns zur Absage gezwungen sehen.<\/span><\/p>\n<p><span style=\"font-family: sans-serif; font-size: small;\">Die gebuchten und bereits bezahlten &#8222;B&amp;B-Special&#8220; werden wir im laufe der kommenden Tage zur\u00fcck\u00fcberweisen.<\/span><\/p>\n<p><span style=\"font-family: sans-serif; font-size: small;\">Wir bitten um Verst\u00e4ndnis und freuen uns schon heute auf die Dirndl- und Lederhosen Party 2021.<\/span><\/p>\n<p><span style=\"font-family: sans-serif; font-size: small;\">Eure<\/span><br \/><span style=\"font-family: sans-serif; font-size: small;\">1. Sonnenb\u00fchler KG <\/span><\/p>\n<p><a href=\"http:\/\/www.sonnenbuehler-kg.de\/wordpress\/wp-content\/uploads\/2020\/03\/123.jpg\"><img loading=\"lazy\" decoding=\"async\" class=\"size-medium wp-image-946 aligncenter\" src=\"http:\/\/www.sonnenbuehler-kg.de\/wordpress\/wp-content\/uploads\/2020\/03\/123-215x300.jpg\" alt=\"\" width=\"215\" height=\"300\" srcset=\"https:\/\/www.sonnenbuehler-kg.de\/wordpress\/wp-content\/uploads\/2020\/03\/123-215x300.jpg 215w, https:\/\/www.sonnenbuehler-kg.de\/wordpress\/wp-content\/uploads\/2020\/03\/123.jpg 577w\" sizes=\"auto, (max-width: 215px) 100vw, 215px\" \/><\/a><\/p>\n<p><strong>Narrenfahrplan 2019\/20<\/strong><\/p>\n<p>Endlich ist es soweit &#8211; der Narrenfahrplan ist online.<\/p>\n<p><a href=\"http:\/\/www.sonnenbuehler-kg.de\/wordpress\/wp-content\/uploads\/2019\/11\/2020_Narrenfahrplan_Gesamtverein.jpg\"><img loading=\"lazy\" decoding=\"async\" class=\"alignnone size-medium wp-image-936\" src=\"http:\/\/www.sonnenbuehler-kg.de\/wordpress\/wp-content\/uploads\/2019\/11\/2020_Narrenfahrplan_Gesamtverein-300x203.jpg\" alt=\"\" width=\"300\" height=\"203\" srcset=\"https:\/\/www.sonnenbuehler-kg.de\/wordpress\/wp-content\/uploads\/2019\/11\/2020_Narrenfahrplan_Gesamtverein-300x203.jpg 300w, https:\/\/www.sonnenbuehler-kg.de\/wordpress\/wp-content\/uploads\/2019\/11\/2020_Narrenfahrplan_Gesamtverein-768x519.jpg 768w, https:\/\/www.sonnenbuehler-kg.de\/wordpress\/wp-content\/uploads\/2019\/11\/2020_Narrenfahrplan_Gesamtverein-1024x692.jpg 1024w, https:\/\/www.sonnenbuehler-kg.de\/wordpress\/wp-content\/uploads\/2019\/11\/2020_Narrenfahrplan_Gesamtverein-444x300.jpg 444w, https:\/\/www.sonnenbuehler-kg.de\/wordpress\/wp-content\/uploads\/2019\/11\/2020_Narrenfahrplan_Gesamtverein.jpg 1041w\" sizes=\"auto, (max-width: 300px) 100vw, 300px\" \/><\/a><\/p>\n<p><strong>Ank\u00fcndigung Mitgliedsbeitrag 2019<\/strong><\/p>\n<p>Hiermit informieren wir \u00fcber den Abbuchungstermin des diesj\u00e4hrigen Mitgliedsbeitrag, welcher am 02.09.2019 ist. An diesem Tag wird der Beitrag gem. Beitragsordnung per SEPA-Lastschrift eingezogen. Bitte achtet auf eine ausreichenden Kontodeckung!<\/p>\n<p><strong>Einladung Generalversammlung 2019<\/strong><\/p>\n<p>Liebe Mitglieder der 1. Sonnenb\u00fchler KG,<\/p>\n<p>unsere diesj\u00e4hrige Generalversammlung findet am<\/p>\n<p><strong>Freitag, den 17.05.2019 um 20:00 Uhr <\/strong><\/p>\n<p>im Sportheim in Undingen statt. Folgende Tagesordnungspunkte stehen auf dem Programm:<\/p>\n<ol>\n<li>Begr\u00fc\u00dfung<\/li>\n<\/ol>\n<p><strong><em>1.1<\/em><\/strong>\u00a0\u00a0\u00a0\u00a0\u00a0\u00a0\u00a0\u00a0 Totenehrung<\/p>\n<ol start=\"2\">\n<li>Bericht Pr\u00e4sident<\/li>\n<li>Bericht Schriftf\u00fchrer<\/li>\n<li>Bericht Kassier<\/li>\n<li>Bericht der Kassenpr\u00fcfer<\/li>\n<li>Bericht technische Leitung<\/li>\n<li>Bericht Zunftmeister<\/li>\n<li>Bericht Elferratspr\u00e4sident<\/li>\n<li>Bericht Gardechefin<\/li>\n<li>Bericht musikalischer Leiter<\/li>\n<li>Entlastungen<\/li>\n<li>Wahlen<\/li>\n<li>Verschiedenes \/ Antr\u00e4ge<\/li>\n<\/ol>\n<p>W\u00fcnsche und Antr\u00e4ge zur Tagesordnung k\u00f6nnen bis zum 16.05.2019 bei Pr\u00e4sident Jan Herrmann schriftlich abgegeben werden.<\/p>\n<p>Wir freuen uns auf Euer kommen.<\/p>\n<p>gez.<\/p>\n<p>Pr\u00e4sidium<\/p>\n<p>&#8211; &#8211; &#8211; &#8211; &#8211; &#8211; &#8211; &#8211;<\/p>\n<p><a href=\"http:\/\/www.sonnenbuehler-kg.de\/wordpress\/wp-content\/uploads\/2019\/02\/1293-01_190129_KVG-Sonnenbu\u00a6\u00eahl_Plakat_Dirndlparty_2019_v04.jpg\"><img loading=\"lazy\" decoding=\"async\" class=\"alignnone size-medium wp-image-918\" src=\"http:\/\/www.sonnenbuehler-kg.de\/wordpress\/wp-content\/uploads\/2019\/02\/1293-01_190129_KVG-Sonnenbu\u00a6\u00eahl_Plakat_Dirndlparty_2019_v04-212x300.jpg\" alt=\"\" width=\"212\" height=\"300\" srcset=\"https:\/\/www.sonnenbuehler-kg.de\/wordpress\/wp-content\/uploads\/2019\/02\/1293-01_190129_KVG-Sonnenbu\u00a6\u00eahl_Plakat_Dirndlparty_2019_v04-212x300.jpg 212w, https:\/\/www.sonnenbuehler-kg.de\/wordpress\/wp-content\/uploads\/2019\/02\/1293-01_190129_KVG-Sonnenbu\u00a6\u00eahl_Plakat_Dirndlparty_2019_v04-768x1087.jpg 768w, https:\/\/www.sonnenbuehler-kg.de\/wordpress\/wp-content\/uploads\/2019\/02\/1293-01_190129_KVG-Sonnenbu\u00a6\u00eahl_Plakat_Dirndlparty_2019_v04-723x1024.jpg 723w\" sizes=\"auto, (max-width: 212px) 100vw, 212px\" \/><\/a><\/p>\n<p><strong>Feierpause zwischen Fasnet und Pfingsten? <\/strong><br \/><strong>Nicht mit uns!<\/strong><\/p>\n<p>Zum wiederholten Male wird euch die Partyband Hautnah mit fetziger Partymusik auf die B\u00e4nke dr\u00e4ngen<br \/>Dieses Jahr erneut mit Frontfrau<br \/>Das ganze findet am 06.04.2019 ab 20 Uhr in der Steinb\u00fchlhalle in Undingen statt.<\/p>\n<p>Special&#8217;s<br \/><strong>**B&amp;B-Special**<\/strong><br \/>Sichert Euch bereits heute einen der besten Pl\u00e4tze und genie\u00dft dazu ein k\u00fchles Partyfass Bier (oder alkoholfreie Getr\u00e4nke nach Wahl)<\/p>\n<p>So einfach geht&#8217;s: 10 Personen sein, 70,-\u20ac auf das Vereinskonto der 1. Sonnenb\u00fchler KG (DE83 6409 1200 0089 4410 10) \u00fcberweisen und dann am 06.04. kommen &#x270c;<\/p>\n<p>Die erste Reservierung erh\u00e4lt wieder eine \u00dcberraschung!<\/p>\n<p><strong>**J\u00e4gi-Special**<\/strong><br \/>Ihr k\u00f6nnt das Lied &#8220;Zehn kleine J\u00e4germeister&#8230;&#8220; h\u00f6ren und die gelbe Warnleuchte blinkt? Dann ab an die Bar und einen eiskalten J\u00e4germeister-Shot verg\u00fcnstigt genie\u00dfen! \ud83d\ude42<\/p>\n<p>!!! Kein Einlass unter 16 Jahre !!!<br \/>!!! Strikte Ausweis- und Taschenkontrolle!!!<br \/>Eintritt: 7,-\u20ac<\/p>\n<p>Wir freuen uns auf Euch!<\/p>\n<p>Eure<br \/>1. Sonnenb\u00fchler KG<\/p>\n<p>&#8211; &#8211; &#8211; &#8211; &#8211; &#8211; &#8211; &#8211; &#8211; &#8211; &#8211; &#8211; &#8211; &#8211; &#8211; &#8211; &#8211; &#8211; &#8211; &#8211;\u00a0&#8211; &#8211; &#8211; &#8211; &#8211; &#8211; &#8211; &#8211; &#8211; &#8211;\u00a0&#8211; &#8211; &#8211; &#8211; &#8211; &#8211; &#8211; &#8211; &#8211; &#8211;\u00a0&#8211; &#8211; &#8211; &#8211; &#8211; &#8211; &#8211; &#8211; &#8211; &#8211;\u00a0&#8211; &#8211; &#8211; &#8211; &#8211; &#8211; &#8211; &#8211; &#8211; &#8211;\u00a0&#8211; &#8211; &#8211; &#8211; &#8211;<\/p>\n<ul>\n<li><a href=\"http:\/\/www.sonnenbuehler-kg.de\/wordpress\/wp-content\/uploads\/2018\/11\/Fahrplan-Homepage.jpg\"><img loading=\"lazy\" decoding=\"async\" class=\"alignnone wp-image-899\" src=\"http:\/\/www.sonnenbuehler-kg.de\/wordpress\/wp-content\/uploads\/2018\/11\/Fahrplan-Homepage-300x280.jpg\" alt=\"\" width=\"631\" height=\"591\" srcset=\"https:\/\/www.sonnenbuehler-kg.de\/wordpress\/wp-content\/uploads\/2018\/11\/Fahrplan-Homepage-300x280.jpg 300w, https:\/\/www.sonnenbuehler-kg.de\/wordpress\/wp-content\/uploads\/2018\/11\/Fahrplan-Homepage-768x718.jpg 768w, https:\/\/www.sonnenbuehler-kg.de\/wordpress\/wp-content\/uploads\/2018\/11\/Fahrplan-Homepage-321x300.jpg 321w, https:\/\/www.sonnenbuehler-kg.de\/wordpress\/wp-content\/uploads\/2018\/11\/Fahrplan-Homepage.jpg 886w\" sizes=\"auto, (max-width: 631px) 100vw, 631px\" \/><\/a><\/li>\n<\/ul>\n<p>Hier findet Ihr den Fahrplan inkl. Busabfahrtszeiten auch als Dokument &#8211;&gt; <a href=\"http:\/\/www.sonnenbuehler-kg.de\/wordpress\/wp-content\/uploads\/2018\/12\/Fahrplan-2018-Homepage.jpg\">Narrenfahrplan 2019<\/a><\/p>\n<p>&#8211; &#8211; &#8211; &#8211; &#8211; &#8211; &#8211; &#8211; &#8211; &#8211; &#8211; &#8211; &#8211; &#8211; &#8211; &#8211; &#8211; &#8211; &#8211; &#8211;\u00a0&#8211; &#8211; &#8211; &#8211; &#8211; &#8211; &#8211; &#8211; &#8211; &#8211;\u00a0&#8211; &#8211; &#8211; &#8211; &#8211; &#8211; &#8211; &#8211; &#8211; &#8211;\u00a0&#8211; &#8211; &#8211; &#8211; &#8211; &#8211; &#8211; &#8211; &#8211; &#8211;\u00a0&#8211; &#8211; &#8211; &#8211; &#8211; &#8211; &#8211; &#8211; &#8211; &#8211;\u00a0&#8211; &#8211; &#8211; &#8211; &#8211;<\/p>\n<p><strong>!!! Absage der Inthronisation und Guggentreffen der 1. Sonnenb\u00fchler KG !!!<\/strong><\/p>\n<p>Liebe Mitglieder, Freunde, Ehreng\u00e4ste, Vereine und Partner,<\/p>\n<p>die 1. Sonnenb\u00fchler Karnevalsgesellschaft trauert um seinen Ehrenpr\u00e4sidenten Dieter Stoll, der am 23.09. v\u00f6llig unerwartet und f\u00fcr uns alle unfassbar verstorben ist.<\/p>\n<p>In Anbetracht des gro\u00dfen Verlustes in unserem Verein hat sich der Ausschuss dazu entschieden unsere bevorstehenden Veranstaltungen, Inthronisation und Guggentreffen am Wochenende 23. und 24. November, abzusagen. Beide Veranstaltungen wurden von Dieter geboren und gro\u00df gezogen, so dass es sich hierbei nicht nur um Veranstaltungen sondern um &#8222;Dieter&#8217;s Veranstaltungen&#8220; handelt. Dieter war bei beiden Veranstaltungen mit gro\u00dfem Einsatz in der Organisation beteiligt.<\/p>\n<p>Wir bedanken uns f\u00fcr Euer Verst\u00e4ndnis und verbleiben mit besten Gr\u00fc\u00dfen<\/p>\n<p>Eure 1. Sonnenb\u00fchler KG<\/p>\n<p>&#8211; &#8211; &#8211; &#8211; &#8211; &#8211; &#8211; &#8211; &#8211; &#8211; &#8211; &#8211; &#8211; &#8211; &#8211; &#8211; &#8211; &#8211; &#8211; &#8211;\u00a0&#8211; &#8211; &#8211; &#8211; &#8211; &#8211; &#8211; &#8211; &#8211; &#8211;\u00a0&#8211; &#8211; &#8211; &#8211; &#8211; &#8211; &#8211; &#8211; &#8211; &#8211;\u00a0&#8211; &#8211; &#8211; &#8211; &#8211; &#8211; &#8211; &#8211; &#8211; &#8211;\u00a0&#8211; &#8211; &#8211; &#8211; &#8211; &#8211; &#8211; &#8211; &#8211; &#8211;\u00a0&#8211; &#8211; &#8211; &#8211; &#8211;<\/p>\n<p><a href=\"http:\/\/www.sonnenbuehler-kg.de\/wordpress\/wp-content\/uploads\/2018\/10\/Todesanzeige-Dieter-Stoll.jpg\"><img loading=\"lazy\" decoding=\"async\" class=\" wp-image-894 aligncenter\" src=\"http:\/\/www.sonnenbuehler-kg.de\/wordpress\/wp-content\/uploads\/2018\/10\/Todesanzeige-Dieter-Stoll-300x265.jpg\" alt=\"\" width=\"575\" height=\"509\" srcset=\"https:\/\/www.sonnenbuehler-kg.de\/wordpress\/wp-content\/uploads\/2018\/10\/Todesanzeige-Dieter-Stoll-300x265.jpg 300w, https:\/\/www.sonnenbuehler-kg.de\/wordpress\/wp-content\/uploads\/2018\/10\/Todesanzeige-Dieter-Stoll-339x300.jpg 339w, https:\/\/www.sonnenbuehler-kg.de\/wordpress\/wp-content\/uploads\/2018\/10\/Todesanzeige-Dieter-Stoll.jpg 588w\" sizes=\"auto, (max-width: 575px) 100vw, 575px\" \/><\/a><\/p>\n\n\n<p><\/p>\n\n\n\n<p><\/p>\n","protected":false},"excerpt":{"rendered":"<p>Einladung Generalversammlung 2025 Liebe Mitglieder der 1. Sonnenb\u00fchler KG, unsere diesj\u00e4hrige Generalversammlung findet am Freitag, den 23.05.2025 um 20:00 Uhr &nbsp;im Sportheim in Undingen statt. Folgende Tagesordnungspunkte stehen auf dem Programm: &nbsp;&nbsp;&nbsp;&nbsp;&nbsp;&nbsp;&nbsp;&nbsp;&nbsp;&nbsp;&nbsp;&nbsp;&nbsp;&nbsp;&nbsp;&nbsp;1.1&nbsp;&nbsp;&nbsp;&nbsp;&nbsp;&nbsp;&nbsp;&nbsp; Totenehrung \u00a0\u00a0\u00a0\u00a0\u00a0\u00a0\u00a0\u00a0\u00a0\u00a0\u00a0\u00a0\u00a0\u00a0\u00a0\u00a0 W\u00fcnsche und Antr\u00e4ge zur Tagesordnung k\u00f6nnen &hellip; <a href=\"https:\/\/www.sonnenbuehler-kg.de\/wordpress\/?page_id=30\">Weiterlesen <span class=\"meta-nav\">&rarr;<\/span><\/a><\/p>\n","protected":false},"author":1,"featured_media":0,"parent":0,"menu_order":0,"comment_status":"closed","ping_status":"open","template":"showcase.php","meta":{"footnotes":""},"class_list":["post-30","page","type-page","status-publish","hentry"],"_links":{"self":[{"href":"https:\/\/www.sonnenbuehler-kg.de\/wordpress\/index.php?rest_route=\/wp\/v2\/pages\/30","targetHints":{"allow":["GET"]}}],"collection":[{"href":"https:\/\/www.sonnenbuehler-kg.de\/wordpress\/index.php?rest_route=\/wp\/v2\/pages"}],"about":[{"href":"https:\/\/www.sonnenbuehler-kg.de\/wordpress\/index.php?rest_route=\/wp\/v2\/types\/page"}],"author":[{"embeddable":true,"href":"https:\/\/www.sonnenbuehler-kg.de\/wordpress\/index.php?rest_route=\/wp\/v2\/users\/1"}],"replies":[{"embeddable":true,"href":"https:\/\/www.sonnenbuehler-kg.de\/wordpress\/index.php?rest_route=%2Fwp%2Fv2%2Fcomments&post=30"}],"version-history":[{"count":53,"href":"https:\/\/www.sonnenbuehler-kg.de\/wordpress\/index.php?rest_route=\/wp\/v2\/pages\/30\/revisions"}],"predecessor-version":[{"id":984,"href":"https:\/\/www.sonnenbuehler-kg.de\/wordpress\/index.php?rest_route=\/wp\/v2\/pages\/30\/revisions\/984"}],"wp:attachment":[{"href":"https:\/\/www.sonnenbuehler-kg.de\/wordpress\/index.php?rest_route=%2Fwp%2Fv2%2Fmedia&parent=30"}],"curies":[{"name":"wp","href":"https:\/\/api.w.org\/{rel}","templated":true}]}}