{"id":37,"date":"2013-11-17T12:25:36","date_gmt":"2013-11-17T10:25:36","guid":{"rendered":"http:\/\/www.sonnenbuehler-kg.de\/wordpress\/?page_id=37"},"modified":"2018-06-15T14:15:11","modified_gmt":"2018-06-15T12:15:11","slug":"ehrenrat","status":"publish","type":"page","link":"https:\/\/www.sonnenbuehler-kg.de\/wordpress\/?page_id=37","title":{"rendered":"Ehrenrat"},"content":{"rendered":"<h4 style=\"text-align: center;\">Zu den Eigent\u00fcmlichkeiten der Fastnachts- und Karnevalbr\u00e4uche geh\u00f6rt die Bevorzugung der Zahl &#8222;<strong>11<\/strong>&#8222;, der sogenannten Narrenzahl, die in vielf\u00e4ltigen Zusammenh\u00e4ngen vorkommt. So ist ein &#8222;<strong>Elferrat<\/strong>&#8220; das Organisationskomitee der karnevalistischen Aktivit\u00e4ten, und am <strong>11.11.<\/strong> beginnt bekanntlich die n\u00e4rrische f\u00fcnfte Jahreszeit.<\/h4>\n<p>&nbsp;<\/p>\n<h4 style=\"text-align: center;\"><strong>&#8222;gleiche Br\u00fcder, gleiche Kappen!&#8220;<\/strong><\/h4>\n<p>&nbsp;<\/p>\n<h4 style=\"text-align: center;\"><\/h4>\n<h4 style=\"text-align: center;\">Der <strong>Elferrat <\/strong>war die erste Gruppe des Vereins als dieser 1997 gegr\u00fcndet wurde. Im Elferrat waren damals die Funktion\u00e4re des Vereines vertreten. Im Laufe der Zeit wurde der Elferrat in eine ganz normale Untergruppe des Vereines ge\u00e4ndert. Der Elferrat repr\u00e4sentiert den Verein haupts\u00e4chlich bei Prunksitzungen befreundeter Karnevalsvereine. Er ist aber auch auf den Umz\u00fcgen vertreten und rundet hier das Erscheinungsbild des Vereines ab.<\/h4>\n","protected":false},"excerpt":{"rendered":"<p>Zu den Eigent\u00fcmlichkeiten der Fastnachts- und Karnevalbr\u00e4uche geh\u00f6rt die Bevorzugung der Zahl &#8222;11&#8222;, der sogenannten Narrenzahl, die in vielf\u00e4ltigen Zusammenh\u00e4ngen vorkommt. So ist ein &#8222;Elferrat&#8220; das Organisationskomitee der karnevalistischen Aktivit\u00e4ten, und am 11.11. beginnt bekanntlich die n\u00e4rrische f\u00fcnfte Jahreszeit. &nbsp; &hellip; <a href=\"https:\/\/www.sonnenbuehler-kg.de\/wordpress\/?page_id=37\">Weiterlesen <span class=\"meta-nav\">&rarr;<\/span><\/a><\/p>\n","protected":false},"author":1,"featured_media":0,"parent":0,"menu_order":0,"comment_status":"closed","ping_status":"closed","template":"showcase.php","meta":{"footnotes":""},"class_list":["post-37","page","type-page","status-publish","hentry"],"_links":{"self":[{"href":"https:\/\/www.sonnenbuehler-kg.de\/wordpress\/index.php?rest_route=\/wp\/v2\/pages\/37","targetHints":{"allow":["GET"]}}],"collection":[{"href":"https:\/\/www.sonnenbuehler-kg.de\/wordpress\/index.php?rest_route=\/wp\/v2\/pages"}],"about":[{"href":"https:\/\/www.sonnenbuehler-kg.de\/wordpress\/index.php?rest_route=\/wp\/v2\/types\/page"}],"author":[{"embeddable":true,"href":"https:\/\/www.sonnenbuehler-kg.de\/wordpress\/index.php?rest_route=\/wp\/v2\/users\/1"}],"replies":[{"embeddable":true,"href":"https:\/\/www.sonnenbuehler-kg.de\/wordpress\/index.php?rest_route=%2Fwp%2Fv2%2Fcomments&post=37"}],"version-history":[{"count":4,"href":"https:\/\/www.sonnenbuehler-kg.de\/wordpress\/index.php?rest_route=\/wp\/v2\/pages\/37\/revisions"}],"predecessor-version":[{"id":42,"href":"https:\/\/www.sonnenbuehler-kg.de\/wordpress\/index.php?rest_route=\/wp\/v2\/pages\/37\/revisions\/42"}],"wp:attachment":[{"href":"https:\/\/www.sonnenbuehler-kg.de\/wordpress\/index.php?rest_route=%2Fwp%2Fv2%2Fmedia&parent=37"}],"curies":[{"name":"wp","href":"https:\/\/api.w.org\/{rel}","templated":true}]}}