{"id":774,"date":"2015-01-08T22:32:55","date_gmt":"2015-01-08T20:32:55","guid":{"rendered":"http:\/\/www.sonnenbuehler-kg.de\/wordpress\/?page_id=774"},"modified":"2018-11-19T08:29:56","modified_gmt":"2018-11-19T06:29:56","slug":"leihaes","status":"publish","type":"page","link":"https:\/\/www.sonnenbuehler-kg.de\/wordpress\/?page_id=774","title":{"rendered":"Leih\u00e4s"},"content":{"rendered":"<p>Du wolltest schon immer mal in einem H\u00e4s mitlaufen, doch hattest bisher noch nie die M\u00f6glichkeit dazu?<\/p>\n<p>Kein Problem, wir haben die L\u00f6sung &#8211; Unsere Leihh\u00e4s der Bach a\u00b4 Brenner!<\/p>\n<p>Je nach Verf\u00fcgbarkeit kannst du dir sehr gerne bei<\/p>\n<p>&nbsp;<\/p>\n<p><strong><em>Leihh\u00e4sverleih Bach a\u00b4 Brenner &#8211;<\/em><\/strong> <strong>info@sonnenbuehler-kg.de<\/strong><\/p>\n<p>&nbsp;<\/p>\n<p>ein Leihh\u00e4s von uns ausleihen und somit in die Fasnet hinein schnuppern!<\/p>\n<p>&nbsp;<\/p>\n<p>Wir freuen uns auf dich!<\/p>\n<p>Deine<\/p>\n<p>Bach a\u00b4 Brenner und Strohweiber<\/p>\n<p>&nbsp;<\/p>\n<p>&#8211; &#8211; &#8211; &#8211;<\/p>\n<p>&nbsp;<\/p>\n<p><strong><em>Preise:<\/em><\/strong><\/p>\n<p><strong><em>Nichtmitglieder<\/em><\/strong><\/p>\n<p>Leihgeb\u00fchr\u00a0\u00a0\u00a0\u00a0\u00a0\u00a0\u00a0\u00a0\u00a0\u00a0\u00a0\u00a0\u00a0\u00a0\u00a0\u00a0\u00a0\u00a0\u00a0\u00a0\u00a0\u00a0\u00a0\u00a0\u00a0\u00a0\u00a0\u00a0\u00a0\u00a0 10,- \u20ac pro Veranstaltung<\/p>\n<p>Busgeb\u00fchr\u00a0\u00a0\u00a0\u00a0\u00a0\u00a0\u00a0\u00a0\u00a0\u00a0\u00a0\u00a0\u00a0\u00a0\u00a0\u00a0\u00a0\u00a0\u00a0\u00a0\u00a0\u00a0\u00a0\u00a0\u00a0\u00a0\u00a0\u00a0\u00a0\u00a0 10,- \u20ac pro Veranstaltung<\/p>\n<p>Kaution\u00a0\u00a0\u00a0\u00a0\u00a0\u00a0\u00a0\u00a0\u00a0\u00a0\u00a0\u00a0\u00a0\u00a0\u00a0\u00a0\u00a0\u00a0\u00a0\u00a0\u00a0\u00a0\u00a0\u00a0\u00a0\u00a0\u00a0\u00a0\u00a0\u00a0\u00a0\u00a0\u00a0\u00a0\u00a0 20,- \u20ac pro H\u00e4s<\/p>\n<p><strong><em>Mitglieder der 1. Sonnenb\u00fchler KG<\/em><\/strong><\/p>\n<p>Leihgeb\u00fchr\u00a0\u00a0\u00a0\u00a0\u00a0\u00a0\u00a0\u00a0\u00a0\u00a0\u00a0\u00a0\u00a0\u00a0\u00a0\u00a0\u00a0\u00a0\u00a0\u00a0\u00a0\u00a0\u00a0\u00a0\u00a0\u00a0\u00a0\u00a0\u00a0\u00a0 5,- \u20ac pro Veranstaltung<\/p>\n<p>Busgeb\u00fchr\u00a0\u00a0\u00a0\u00a0\u00a0\u00a0\u00a0\u00a0\u00a0\u00a0\u00a0\u00a0\u00a0\u00a0\u00a0\u00a0\u00a0\u00a0\u00a0\u00a0\u00a0\u00a0\u00a0\u00a0\u00a0\u00a0\u00a0\u00a0\u00a0\u00a0 analog interne Buskosten<\/p>\n<p>Kaution\u00a0\u00a0\u00a0\u00a0\u00a0\u00a0\u00a0\u00a0\u00a0\u00a0\u00a0\u00a0\u00a0\u00a0\u00a0\u00a0\u00a0\u00a0\u00a0\u00a0\u00a0\u00a0\u00a0\u00a0\u00a0\u00a0\u00a0\u00a0\u00a0\u00a0\u00a0\u00a0\u00a0\u00a0\u00a0 20,-\u00a0 \u20ac pro H\u00e4s<\/p>\n<p>&nbsp;<\/p>\n<p>Die Kosten sind bei Abholung in bar zu entrichten.<\/p>\n","protected":false},"excerpt":{"rendered":"<p>Du wolltest schon immer mal in einem H\u00e4s mitlaufen, doch hattest bisher noch nie die M\u00f6glichkeit dazu? Kein Problem, wir haben die L\u00f6sung &#8211; Unsere Leihh\u00e4s der Bach a\u00b4 Brenner! Je nach Verf\u00fcgbarkeit kannst du dir sehr gerne bei &nbsp; &hellip; <a href=\"https:\/\/www.sonnenbuehler-kg.de\/wordpress\/?page_id=774\">Weiterlesen <span class=\"meta-nav\">&rarr;<\/span><\/a><\/p>\n","protected":false},"author":1,"featured_media":236,"parent":44,"menu_order":0,"comment_status":"closed","ping_status":"closed","template":"showcase.php","meta":{"footnotes":""},"class_list":["post-774","page","type-page","status-publish","has-post-thumbnail","hentry"],"_links":{"self":[{"href":"https:\/\/www.sonnenbuehler-kg.de\/wordpress\/index.php?rest_route=\/wp\/v2\/pages\/774","targetHints":{"allow":["GET"]}}],"collection":[{"href":"https:\/\/www.sonnenbuehler-kg.de\/wordpress\/index.php?rest_route=\/wp\/v2\/pages"}],"about":[{"href":"https:\/\/www.sonnenbuehler-kg.de\/wordpress\/index.php?rest_route=\/wp\/v2\/types\/page"}],"author":[{"embeddable":true,"href":"https:\/\/www.sonnenbuehler-kg.de\/wordpress\/index.php?rest_route=\/wp\/v2\/users\/1"}],"replies":[{"embeddable":true,"href":"https:\/\/www.sonnenbuehler-kg.de\/wordpress\/index.php?rest_route=%2Fwp%2Fv2%2Fcomments&post=774"}],"version-history":[{"count":8,"href":"https:\/\/www.sonnenbuehler-kg.de\/wordpress\/index.php?rest_route=\/wp\/v2\/pages\/774\/revisions"}],"predecessor-version":[{"id":903,"href":"https:\/\/www.sonnenbuehler-kg.de\/wordpress\/index.php?rest_route=\/wp\/v2\/pages\/774\/revisions\/903"}],"up":[{"embeddable":true,"href":"https:\/\/www.sonnenbuehler-kg.de\/wordpress\/index.php?rest_route=\/wp\/v2\/pages\/44"}],"wp:featuredmedia":[{"embeddable":true,"href":"https:\/\/www.sonnenbuehler-kg.de\/wordpress\/index.php?rest_route=\/wp\/v2\/media\/236"}],"wp:attachment":[{"href":"https:\/\/www.sonnenbuehler-kg.de\/wordpress\/index.php?rest_route=%2Fwp%2Fv2%2Fmedia&parent=774"}],"curies":[{"name":"wp","href":"https:\/\/api.w.org\/{rel}","templated":true}]}}