{"id":86,"date":"2013-11-18T00:30:07","date_gmt":"2013-11-17T22:30:07","guid":{"rendered":"http:\/\/www.sonnenbuehler-kg.de\/wordpress\/?page_id=86"},"modified":"2024-05-28T19:33:16","modified_gmt":"2024-05-28T17:33:16","slug":"impressum","status":"publish","type":"page","link":"https:\/\/www.sonnenbuehler-kg.de\/wordpress\/?page_id=86","title":{"rendered":"Impressum"},"content":{"rendered":"<p><strong>1. Sonnenb\u00fchler Karnevalsgesellschaft 97 e.V.<\/strong><\/p>\n<p><span style=\"text-decoration: underline;\">Pr\u00e4sident:<\/span><\/p>\n<p>Christine Schenk<\/p>\n<p>Sperberweg 8<\/p>\n<p>72829 Engstingen<\/p>\n<p>E-Mail: info@sonnenbuehler-kg.de<\/p>\n<h1>Disclaimer<\/h1>\n<h2>1. Haftungsbeschr\u00e4nkung<\/h2>\n<p>Verantwortlich f\u00fcr dieses Informationsangebot ist der Herausgeber. Die Informationen auf dieser Website wurden mit gro\u00dfer Sorgfalt zusammengestellt. F\u00fcr die Richtigkeit und Vollst\u00e4ndigkeit kann gleichwohl keine Gew\u00e4hr \u00fcbernommen werden. Aus diesem Grund ist jegliche Haftung f\u00fcr eventuelle Sch\u00e4den im Zusammenhang mit der Nutzung des Informationsangebots ausgeschlossen. Druch die blo\u00dfe Nutzung dieser Website kommt keinerlei Vertragsverh\u00e4ltnis zwischen Nutzer und Anbieter\/Herausgeber zustande.<\/p>\n<h2>2. Hinweis zum Urheberrecht<\/h2>\n<p>Der gesamte Inhalt dieser Website unterliegt dem Urheberrecht. Unerlaubte Verwendung, Reproduktion oder Wiedergabe des Inhalts oder von Teilen des Inhalts ist untersagt. Wegen einer Erlaubnis zur Nutzung des Inhalts wenden Sie sich bitte an den Herausgeber.<\/p>\n<h2>3. Hinweis zu externen Links<\/h2>\n<p>Soweit von dieser Website auf andere Websites Links gelegt sind, wird darauf hingewiesen, dass keinerlei Einfluss auf die Gestaltung und die Inhalte der gelinkten Seiten besteht und sich deren Inhalt nicht zu eigen gemacht wird. Dies gilt f\u00fcr alle auf dieser Seite ausgebrachten, externen Links und f\u00fcr alle Inhalte der Seiten, zu denen Werbemittel (z.B. Banner, Textanzeigen, Videoanzeigen) f\u00fchren. F\u00fcr verlinkte Seiten gilt, dass rechtswidrige Inhalte zum Zeitpunkt der Verlinkung nicht erkennbar waren. Die Links werden regelm\u00e4\u00dfig auf rechtswidrige Inhalte \u00fcberpr\u00fcft und bei Rechtsverletzungen unverz\u00fcglich entfernt.<\/p>\n<h2>4. Datenschutz<\/h2>\n<h3>b) Google Analytics<\/h3>\n<p>Soweit diese Website Google Analytics, einen Webanalysedienst der Google Inc. (\u201cGoogle\u201d) benutzt, speichert Ihr Browser eventuell ein von Google Inc. oder Dritten gesendetes Cookie, dass eine Analyse Ihrer Nutzung dieser Website erm\u00f6glicht. Die so gesammelten Informationen (einschlie\u00dflich Ihrer IP-Adresse) werden an einen Server von Google in den USA \u00fcbertragen und dort gespeichert. Google nutzt diese Informationen, um Ihre Nutzung dieser Website auszuwerten, um Reports \u00fcber die Websiteaktivit\u00e4ten f\u00fcr die Websitebetreiber zusammenzustellen und um weitere mit der Websitenutzung und der Internetnutzung verbundene Dienstleistungen zu erbringen. Google wird diese Informationen gegebenenfalls auch an Dritte \u00fcbertragen, sofern dies gesetzlich vorgeschrieben oder soweit Dritte diese Daten im Auftrag von Google verarbeiten. Google wird in keinem Fall Ihre IP-Adresse mit anderen von Google gespeicherten Daten in Verbindung bringen. Die Installation der Cookies k\u00f6nnen Sie verhindern. Dazu m\u00fcssen Sie in Ihren Browser-Einstellungen \u201ckeine Cookies akzeptieren\u201d w\u00e4hlen (Im Internet-Explorer unter \u201cExtras \/ Internetoptionen \/ Datenschutz \/ Einstellung\u201d, bei Firefox unter \u201cExtras \/ Einstellungen \/ Datenschutz \/ Cookies\u201d). Es wird darauf hingewiesen, dass Sie in diesem Fall gegebenenfalls nicht s\u00e4mtliche Funktionen dieser Website voll umf\u00e4nglich nutzen k\u00f6nnen. Durch die Nutzung dieser Website erkl\u00e4ren Sie sich mit der Bearbeitung der \u00fcber Sie erhobenen Daten durch Google in der zuvor beschriebenen Art und Weise und zu dem zuvor benannten Zweck einverstanden.<\/p>\n<h3>c) Sonstige Produkte und Dienste<\/h3>\n<p>Soweit diese Website Anzeigen schaltet, die unter Punkt 4a) nicht n\u00e4her bezeichnete sind, nutzen die Anzeigen schaltenden Unternehmen m\u00f6glicherweise Informationen (dies schlie\u00dft nicht Ihren Namen, Ihre Adresse, E-Mail-Adresse oder Telefonnummer ein) zu Ihren Besuchen dieser und anderer Websites, damit Anzeigen zu Produkten und Diensten geschaltet werden k\u00f6nnen, die Sie interessieren.<\/p>\n<h3>d) Sonstiges<\/h3>\n<p>Es wird darauf hingewiesen, dass hinsichtlich der Daten\u00fcbertragung \u00fcber das Internet (z.B. bei der Kommunikation per E-Mail) keine sichere \u00dcbertragung gew\u00e4hrleistet ist. Empfindliche Daten sollten daher entweder gar nicht oder nur \u00fcber eine sichere Verbindung (SSL) \u00fcbertragen werden.<\/p>\n<h3>d) Sonstiges<\/h3>\n<p>Weitere Hinweise finden Sie unter\u00a0<a href=\"http:\/\/www.sonnenbuehler-kg.de\/wordpress\/?page_id=876\">Datenschutz<\/a><\/p>\n<p>Quelle: internetratgeber-recht.de \u2013 <a href=\"http:\/\/www.internetratgeber-recht.de\">Rechtsberatung und Rechtsinformationen<\/a><\/p>\n","protected":false},"excerpt":{"rendered":"<p>1. Sonnenb\u00fchler Karnevalsgesellschaft 97 e.V. Pr\u00e4sident: Christine Schenk Sperberweg 8 72829 Engstingen E-Mail: info@sonnenbuehler-kg.de Disclaimer 1. Haftungsbeschr\u00e4nkung Verantwortlich f\u00fcr dieses Informationsangebot ist der Herausgeber. Die Informationen auf dieser Website wurden mit gro\u00dfer Sorgfalt zusammengestellt. F\u00fcr die Richtigkeit und Vollst\u00e4ndigkeit kann &hellip; <a href=\"https:\/\/www.sonnenbuehler-kg.de\/wordpress\/?page_id=86\">Weiterlesen <span class=\"meta-nav\">&rarr;<\/span><\/a><\/p>\n","protected":false},"author":1,"featured_media":0,"parent":0,"menu_order":0,"comment_status":"closed","ping_status":"closed","template":"showcase.php","meta":{"footnotes":""},"class_list":["post-86","page","type-page","status-publish","hentry"],"_links":{"self":[{"href":"https:\/\/www.sonnenbuehler-kg.de\/wordpress\/index.php?rest_route=\/wp\/v2\/pages\/86","targetHints":{"allow":["GET"]}}],"collection":[{"href":"https:\/\/www.sonnenbuehler-kg.de\/wordpress\/index.php?rest_route=\/wp\/v2\/pages"}],"about":[{"href":"https:\/\/www.sonnenbuehler-kg.de\/wordpress\/index.php?rest_route=\/wp\/v2\/types\/page"}],"author":[{"embeddable":true,"href":"https:\/\/www.sonnenbuehler-kg.de\/wordpress\/index.php?rest_route=\/wp\/v2\/users\/1"}],"replies":[{"embeddable":true,"href":"https:\/\/www.sonnenbuehler-kg.de\/wordpress\/index.php?rest_route=%2Fwp%2Fv2%2Fcomments&post=86"}],"version-history":[{"count":6,"href":"https:\/\/www.sonnenbuehler-kg.de\/wordpress\/index.php?rest_route=\/wp\/v2\/pages\/86\/revisions"}],"predecessor-version":[{"id":971,"href":"https:\/\/www.sonnenbuehler-kg.de\/wordpress\/index.php?rest_route=\/wp\/v2\/pages\/86\/revisions\/971"}],"wp:attachment":[{"href":"https:\/\/www.sonnenbuehler-kg.de\/wordpress\/index.php?rest_route=%2Fwp%2Fv2%2Fmedia&parent=86"}],"curies":[{"name":"wp","href":"https:\/\/api.w.org\/{rel}","templated":true}]}}